{"id":2275,"date":"2025-03-17T17:55:18","date_gmt":"2025-03-17T17:55:18","guid":{"rendered":"https:\/\/dspcollective.cz\/?page_id=2275"},"modified":"2025-10-03T07:05:45","modified_gmt":"2025-10-03T07:05:45","slug":"o-nas","status":"publish","type":"page","link":"https:\/\/dspcollective.cz\/en\/o-nas\/","title":{"rendered":"dsp: collective | O n\u00e1s"},"content":{"rendered":"<div data-elementor-type=\"wp-page\" data-elementor-id=\"2275\" class=\"elementor elementor-2275\" data-elementor-post-type=\"page\">\n\t\t\t\t<div class=\"elementor-element elementor-element-6ab86db e-con-full e-flex e-con e-parent\" data-id=\"6ab86db\" data-element_type=\"container\" data-e-type=\"container\" data-settings=\"{&quot;background_background&quot;:&quot;classic&quot;,&quot;jet_parallax_layout_list&quot;:[]}\">\n\t\t<div class=\"elementor-element elementor-element-ffb1215 e-con-full e-flex e-con e-child\" data-id=\"ffb1215\" data-element_type=\"container\" data-e-type=\"container\" data-settings=\"{&quot;jet_parallax_layout_list&quot;:[]}\">\n\t\t<div class=\"elementor-element elementor-element-d2e8e08 e-con-full e-flex e-con e-child\" data-id=\"d2e8e08\" data-element_type=\"container\" data-e-type=\"container\" data-settings=\"{&quot;jet_parallax_layout_list&quot;:[]}\">\n\t\t\t\t<div class=\"elementor-element elementor-element-599cece elementor-widget__width-initial elementor-widget elementor-widget-text-editor\" data-id=\"599cece\" data-element_type=\"widget\" data-e-type=\"widget\" data-widget_type=\"text-editor.default\">\n\t\t\t\t<div class=\"elementor-widget-container\">\n\t\t\t\t\t\t\t\t\t<h3>We are a team of strong personalities who have come together as one collective. Each of us brings unique experiences and expertise. We know how to work independently, within our teams, but also as a whole \u2013 when we join forces, things are created that truly matter and make a real impact. We leave formalities aside \u2013 our atmosphere is relaxed. You\u2019ll find us in the office, over coffee, or even at the bar. But when it comes to results, our work mode is FULL ON!<\/h3>\t\t\t\t\t\t\t\t<\/div>\n\t\t\t\t<\/div>\n\t\t\t\t<\/div>\n\t\t\t\t<\/div>\n\t\t\t\t<\/div>\n\t\t<div class=\"elementor-element elementor-element-43852b8 e-con-full e-flex e-con e-parent\" data-id=\"43852b8\" data-element_type=\"container\" data-e-type=\"container\" data-settings=\"{&quot;background_background&quot;:&quot;classic&quot;,&quot;jet_parallax_layout_list&quot;:[]}\">\n\t\t<div class=\"elementor-element elementor-element-0df71c2 e-con-full e-flex e-con e-child\" data-id=\"0df71c2\" data-element_type=\"container\" data-e-type=\"container\" data-settings=\"{&quot;jet_parallax_layout_list&quot;:[]}\">\n\t\t\t\t<div class=\"elementor-element elementor-element-741e055 elementor-hidden-mobile elementor-widget elementor-widget-jet-listing-dynamic-image\" data-id=\"741e055\" data-element_type=\"widget\" data-e-type=\"widget\" data-widget_type=\"jet-listing-dynamic-image.default\">\n\t\t\t\t<div class=\"elementor-widget-container\">\n\t\t\t\t\t<div class=\"jet-listing jet-listing-dynamic-image\" ><img fetchpriority=\"high\" decoding=\"async\" width=\"2500\" height=\"1079\" src=\"https:\/\/dspcollective.cz\/wp-content\/uploads\/2025\/03\/dsp-o-nas-uvodni-foto-02-web.jpg\" class=\"jet-listing-dynamic-image__img attachment-full size-full wp-post-image\" alt=\"dsp-o-nas-uvodni-foto-02-web\" srcset=\"https:\/\/dspcollective.cz\/wp-content\/uploads\/2025\/03\/dsp-o-nas-uvodni-foto-02-web.jpg 2500w, https:\/\/dspcollective.cz\/wp-content\/uploads\/2025\/03\/dsp-o-nas-uvodni-foto-02-web-300x129.jpg 300w, https:\/\/dspcollective.cz\/wp-content\/uploads\/2025\/03\/dsp-o-nas-uvodni-foto-02-web-1024x442.jpg 1024w, https:\/\/dspcollective.cz\/wp-content\/uploads\/2025\/03\/dsp-o-nas-uvodni-foto-02-web-768x331.jpg 768w, https:\/\/dspcollective.cz\/wp-content\/uploads\/2025\/03\/dsp-o-nas-uvodni-foto-02-web-1536x663.jpg 1536w, https:\/\/dspcollective.cz\/wp-content\/uploads\/2025\/03\/dsp-o-nas-uvodni-foto-02-web-2048x884.jpg 2048w, https:\/\/dspcollective.cz\/wp-content\/uploads\/2025\/03\/dsp-o-nas-uvodni-foto-02-web-18x8.jpg 18w\" sizes=\"(max-width: 2500px) 100vw, 2500px\" loading=\"eager\" \/><\/div>\t\t\t\t<\/div>\n\t\t\t\t<\/div>\n\t\t\t\t<div class=\"elementor-element elementor-element-aee9cb4 elementor-hidden-widescreen elementor-hidden-desktop elementor-hidden-laptop elementor-hidden-tablet_extra elementor-hidden-tablet elementor-widget elementor-widget-image\" data-id=\"aee9cb4\" data-element_type=\"widget\" data-e-type=\"widget\" data-widget_type=\"image.default\">\n\t\t\t\t<div class=\"elementor-widget-container\">\n\t\t\t\t\t\t\t\t\t\t\t\t\t\t\t<img alt=\"\" decoding=\"async\" width=\"800\" height=\"534\" src=\"https:\/\/dspcollective.cz\/wp-content\/uploads\/2025\/03\/dsp-o-nas-uvodni-foto-02-mobile-1024x683.jpg\" class=\"attachment-large size-large wp-image-2323\" srcset=\"https:\/\/dspcollective.cz\/wp-content\/uploads\/2025\/03\/dsp-o-nas-uvodni-foto-02-mobile-1024x683.jpg 1024w, https:\/\/dspcollective.cz\/wp-content\/uploads\/2025\/03\/dsp-o-nas-uvodni-foto-02-mobile-300x200.jpg 300w, https:\/\/dspcollective.cz\/wp-content\/uploads\/2025\/03\/dsp-o-nas-uvodni-foto-02-mobile-768x512.jpg 768w, https:\/\/dspcollective.cz\/wp-content\/uploads\/2025\/03\/dsp-o-nas-uvodni-foto-02-mobile-1536x1024.jpg 1536w, https:\/\/dspcollective.cz\/wp-content\/uploads\/2025\/03\/dsp-o-nas-uvodni-foto-02-mobile-18x12.jpg 18w, https:\/\/dspcollective.cz\/wp-content\/uploads\/2025\/03\/dsp-o-nas-uvodni-foto-02-mobile.jpg 1920w\" sizes=\"(max-width: 800px) 100vw, 800px\" \/>\t\t\t\t\t\t\t\t\t\t\t\t\t\t\t<\/div>\n\t\t\t\t<\/div>\n\t\t\t\t<\/div>\n\t\t\t\t<\/div>\n\t\t<div class=\"elementor-element elementor-element-0a270ea e-con-full e-flex e-con e-parent\" data-id=\"0a270ea\" data-element_type=\"container\" data-e-type=\"container\" data-settings=\"{&quot;background_background&quot;:&quot;classic&quot;,&quot;jet_parallax_layout_list&quot;:[]}\">\n\t\t<div class=\"elementor-element elementor-element-3cedc46 e-con-full e-flex e-con e-child\" data-id=\"3cedc46\" data-element_type=\"container\" data-e-type=\"container\" data-settings=\"{&quot;jet_parallax_layout_list&quot;:[]}\">\n\t\t\t\t<div class=\"elementor-element elementor-element-8736d92 elementor-widget elementor-widget-gallery\" data-id=\"8736d92\" data-element_type=\"widget\" data-e-type=\"widget\" data-settings=\"{&quot;gallery_layout&quot;:&quot;masonry&quot;,&quot;columns&quot;:2,&quot;gap&quot;:{&quot;unit&quot;:&quot;px&quot;,&quot;size&quot;:20,&quot;sizes&quot;:[]},&quot;columns_laptop&quot;:2,&quot;gap_laptop&quot;:{&quot;unit&quot;:&quot;px&quot;,&quot;size&quot;:20,&quot;sizes&quot;:[]},&quot;columns_tablet&quot;:2,&quot;columns_mobile&quot;:1,&quot;gap_widescreen&quot;:{&quot;unit&quot;:&quot;px&quot;,&quot;size&quot;:&quot;&quot;,&quot;sizes&quot;:[]},&quot;gap_tablet_extra&quot;:{&quot;unit&quot;:&quot;px&quot;,&quot;size&quot;:10,&quot;sizes&quot;:[]},&quot;gap_tablet&quot;:{&quot;unit&quot;:&quot;px&quot;,&quot;size&quot;:10,&quot;sizes&quot;:[]},&quot;gap_mobile&quot;:{&quot;unit&quot;:&quot;px&quot;,&quot;size&quot;:10,&quot;sizes&quot;:[]},&quot;overlay_background&quot;:&quot;yes&quot;,&quot;content_hover_animation&quot;:&quot;fade-in&quot;}\" data-widget_type=\"gallery.default\">\n\t\t\t\t<div class=\"elementor-widget-container\">\n\t\t\t\t\t\t\t<div class=\"elementor-gallery__container\">\n\t\t\t\t\t\t\t<div class=\"e-gallery-item elementor-gallery-item elementor-animated-content\">\n\t\t\t\t\t<div class=\"e-gallery-image elementor-gallery-item__image\" data-thumbnail=\"https:\/\/dspcollective.cz\/wp-content\/uploads\/2025\/03\/dsp-collective_MG_3767-web-1536x1024.jpg\" data-width=\"1536\" data-height=\"1024\" aria-label=\"\" role=\"img\" ><\/div>\n\t\t\t\t\t\t\t\t\t\t\t<div class=\"elementor-gallery-item__overlay\"><\/div>\n\t\t\t\t\t\t\t\t\t\t\t\t\t\t<\/div>\n\t\t\t\t\t\t\t<div class=\"e-gallery-item elementor-gallery-item elementor-animated-content\">\n\t\t\t\t\t<div class=\"e-gallery-image elementor-gallery-item__image\" data-thumbnail=\"https:\/\/dspcollective.cz\/wp-content\/uploads\/2025\/03\/dsp-collective_MG_4125-web-1024x1536.jpg\" data-width=\"1024\" data-height=\"1536\" aria-label=\"\" role=\"img\" ><\/div>\n\t\t\t\t\t\t\t\t\t\t\t<div class=\"elementor-gallery-item__overlay\"><\/div>\n\t\t\t\t\t\t\t\t\t\t\t\t\t\t<\/div>\n\t\t\t\t\t\t\t<div class=\"e-gallery-item elementor-gallery-item elementor-animated-content\">\n\t\t\t\t\t<div class=\"e-gallery-image elementor-gallery-item__image\" data-thumbnail=\"https:\/\/dspcollective.cz\/wp-content\/uploads\/2025\/03\/dsp-collective_MG_3755-web-1536x1024.jpg\" data-width=\"1536\" data-height=\"1024\" aria-label=\"\" role=\"img\" ><\/div>\n\t\t\t\t\t\t\t\t\t\t\t<div class=\"elementor-gallery-item__overlay\"><\/div>\n\t\t\t\t\t\t\t\t\t\t\t\t\t\t<\/div>\n\t\t\t\t\t\t\t<div class=\"e-gallery-item elementor-gallery-item elementor-animated-content\">\n\t\t\t\t\t<div class=\"e-gallery-image elementor-gallery-item__image\" data-thumbnail=\"https:\/\/dspcollective.cz\/wp-content\/uploads\/2025\/03\/dsp-collective_MG_4387-web-1024x1536.jpg\" data-width=\"1024\" data-height=\"1536\" aria-label=\"\" role=\"img\" ><\/div>\n\t\t\t\t\t\t\t\t\t\t\t<div class=\"elementor-gallery-item__overlay\"><\/div>\n\t\t\t\t\t\t\t\t\t\t\t\t\t\t<\/div>\n\t\t\t\t\t\t\t<div class=\"e-gallery-item elementor-gallery-item elementor-animated-content\">\n\t\t\t\t\t<div class=\"e-gallery-image elementor-gallery-item__image\" data-thumbnail=\"https:\/\/dspcollective.cz\/wp-content\/uploads\/2025\/03\/dsp-collective_MG_4223-web-1536x1024.jpg\" data-width=\"1536\" data-height=\"1024\" aria-label=\"\" role=\"img\" ><\/div>\n\t\t\t\t\t\t\t\t\t\t\t<div class=\"elementor-gallery-item__overlay\"><\/div>\n\t\t\t\t\t\t\t\t\t\t\t\t\t\t<\/div>\n\t\t\t\t\t\t\t<div class=\"e-gallery-item elementor-gallery-item elementor-animated-content\">\n\t\t\t\t\t<div class=\"e-gallery-image elementor-gallery-item__image\" data-thumbnail=\"https:\/\/dspcollective.cz\/wp-content\/uploads\/2025\/03\/dsp-collective_MG_4197-web-1536x1024.jpg\" data-width=\"1536\" data-height=\"1024\" aria-label=\"\" role=\"img\" ><\/div>\n\t\t\t\t\t\t\t\t\t\t\t<div class=\"elementor-gallery-item__overlay\"><\/div>\n\t\t\t\t\t\t\t\t\t\t\t\t\t\t<\/div>\n\t\t\t\t\t<\/div>\n\t\t\t\t\t<\/div>\n\t\t\t\t<\/div>\n\t\t\t\t<\/div>\n\t\t\t\t<\/div>\n\t\t\t\t<\/div>","protected":false},"excerpt":{"rendered":"<p>We are a team of strong personalities who have come together as one collective. Each of us brings unique experiences and expertise. We know how to work independently, within our teams, but also as a whole \u2013 when we join forces, things are created that truly matter and make a real impact. We leave formalities aside \u2013 our atmosphere is relaxed. You\u2019ll find us in the office, over coffee, or even at the bar. But when it comes to results, our work mode is FULL ON! <\/p>","protected":false},"author":1,"featured_media":2315,"parent":0,"menu_order":0,"comment_status":"closed","ping_status":"closed","template":"","meta":{"_seopress_robots_primary_cat":"","_seopress_titles_title":"dsp: collective | O n\u00e1s","_seopress_titles_desc":"Jsme t\u00fdm siln\u00fdch osobnost\u00ed, kter\u00e9 se spojily v jeden kolektiv. Ka\u017ed\u00fd z n\u00e1s p\u0159in\u00e1\u0161\u00ed jedine\u010dn\u00e9 zku\u0161enosti a expert\u00edzu. Um\u00edme fungovat samostatn\u011b, v r\u00e1mci sv\u00fdch t\u00fdm\u016f, ale i jako jeden celek \u2013 kdy\u017e spoj\u00edme s\u00edly, vznikaj\u00ed v\u011bci, kter\u00e9 maj\u00ed smysl a skute\u010dn\u00fd dopad.","_seopress_robots_index":"","footnotes":""},"class_list":["post-2275","page","type-page","status-publish","has-post-thumbnail","hentry"],"_links":{"self":[{"href":"https:\/\/dspcollective.cz\/en\/wp-json\/wp\/v2\/pages\/2275","targetHints":{"allow":["GET"]}}],"collection":[{"href":"https:\/\/dspcollective.cz\/en\/wp-json\/wp\/v2\/pages"}],"about":[{"href":"https:\/\/dspcollective.cz\/en\/wp-json\/wp\/v2\/types\/page"}],"author":[{"embeddable":true,"href":"https:\/\/dspcollective.cz\/en\/wp-json\/wp\/v2\/users\/1"}],"replies":[{"embeddable":true,"href":"https:\/\/dspcollective.cz\/en\/wp-json\/wp\/v2\/comments?post=2275"}],"version-history":[{"count":0,"href":"https:\/\/dspcollective.cz\/en\/wp-json\/wp\/v2\/pages\/2275\/revisions"}],"wp:featuredmedia":[{"embeddable":true,"href":"https:\/\/dspcollective.cz\/en\/wp-json\/wp\/v2\/media\/2315"}],"wp:attachment":[{"href":"https:\/\/dspcollective.cz\/en\/wp-json\/wp\/v2\/media?parent=2275"}],"curies":[{"name":"wp","href":"https:\/\/api.w.org\/{rel}","templated":true}]}}